{"id":65,"date":"2024-04-27T19:43:40","date_gmt":"2024-04-27T17:43:40","guid":{"rendered":"https:\/\/kuskuej.cluster023.hosting.ovh.net\/?page_id=65"},"modified":"2024-05-02T20:40:06","modified_gmt":"2024-05-02T18:40:06","slug":"le-projet","status":"publish","type":"page","link":"https:\/\/kusku.eu\/index.php\/le-projet\/","title":{"rendered":"Le projet"},"content":{"rendered":"\n<p>Il s\u2019agit de la mise en place d\u2019une structure de soins m\u00e9dicaux et de r\u00e9adaptation p\u00e9diatrique en Pays Basque.<br><br>Cette structure aura notamment pour mission d\u2019assurer :<\/p>\n\n\n\n<ul class=\"wp-block-list\">\n<li>des soins m\u00e9dicaux :\n<ul class=\"wp-block-list\">\n<li>consultations avec un m\u00e9decin de r\u00e9\u00e9ducation (MPR)<\/li>\n\n\n\n<li>consultations avec un chirurgien orthop\u00e9diste p\u00e9diatrique<\/li>\n\n\n\n<li>suivi avec un m\u00e9decin de r\u00e9\u00e9ducation (MPR)<\/li>\n<\/ul>\n<\/li>\n\n\n\n<li>des soins infirmiers adapt\u00e9s&nbsp;avec des infirmiers form\u00e9s aux sp\u00e9cificit\u00e9s de la p\u00e9diatrie<\/li>\n\n\n\n<li>des soins de r\u00e9\u00e9ducation sp\u00e9cifiques :\n<ul class=\"wp-block-list\">\n<li>kin\u00e9sith\u00e9rapeutes<\/li>\n\n\n\n<li>ergoth\u00e9rapeutes<\/li>\n\n\n\n<li>psychomotriciens<\/li>\n\n\n\n<li>orthophonistes<\/li>\n\n\n\n<li>orthoptistes<\/li>\n<\/ul>\n<\/li>\n\n\n\n<li>des consultations pluridisciplinaires<\/li>\n\n\n\n<li>un accompagnement \u00e9ducatif<\/li>\n\n\n\n<li>un accompagnement social<\/li>\n<\/ul>\n\n\n\n<p><\/p>\n\n\n\n<p>Les soins seront dispens\u00e9s en hospitalisation de jour, pour permettre aux enfants de rentrer tous les soirs \u00e0 domicile tout en b\u00e9n\u00e9ficiant des soins. <\/p>\n","protected":false},"excerpt":{"rendered":"<p>Il s\u2019agit de la mise en place d\u2019une structure de soins m\u00e9dicaux et de r\u00e9adaptation p\u00e9diatrique en Pays Basque. Cette structure aura notamment pour mission d\u2019assurer : Les soins seront dispens\u00e9s en hospitalisation de jour, pour permettre aux enfants de rentrer tous les soirs \u00e0 domicile tout en b\u00e9n\u00e9ficiant des soins.<\/p>\n","protected":false},"author":1,"featured_media":0,"parent":0,"menu_order":0,"comment_status":"closed","ping_status":"closed","template":"","meta":{"footnotes":""},"class_list":["post-65","page","type-page","status-publish","hentry"],"_links":{"self":[{"href":"https:\/\/kusku.eu\/index.php\/wp-json\/wp\/v2\/pages\/65","targetHints":{"allow":["GET"]}}],"collection":[{"href":"https:\/\/kusku.eu\/index.php\/wp-json\/wp\/v2\/pages"}],"about":[{"href":"https:\/\/kusku.eu\/index.php\/wp-json\/wp\/v2\/types\/page"}],"author":[{"embeddable":true,"href":"https:\/\/kusku.eu\/index.php\/wp-json\/wp\/v2\/users\/1"}],"replies":[{"embeddable":true,"href":"https:\/\/kusku.eu\/index.php\/wp-json\/wp\/v2\/comments?post=65"}],"version-history":[{"count":11,"href":"https:\/\/kusku.eu\/index.php\/wp-json\/wp\/v2\/pages\/65\/revisions"}],"predecessor-version":[{"id":174,"href":"https:\/\/kusku.eu\/index.php\/wp-json\/wp\/v2\/pages\/65\/revisions\/174"}],"wp:attachment":[{"href":"https:\/\/kusku.eu\/index.php\/wp-json\/wp\/v2\/media?parent=65"}],"curies":[{"name":"wp","href":"https:\/\/api.w.org\/{rel}","templated":true}]}}