{"id":60,"date":"2024-04-27T19:42:27","date_gmt":"2024-04-27T17:42:27","guid":{"rendered":"https:\/\/kuskuej.cluster023.hosting.ovh.net\/?page_id=60"},"modified":"2024-10-17T21:02:34","modified_gmt":"2024-10-17T19:02:34","slug":"letat-des-lieux","status":"publish","type":"page","link":"https:\/\/kusku.eu\/index.php\/letat-des-lieux\/","title":{"rendered":"L\u2019Etat des lieux"},"content":{"rendered":"\n<p>Il existe une centaine de centres de soins m\u00e9dicaux et de r\u00e9adaptation p\u00e9diatriques (SMR, anciennement Soins de Suite et R\u00e9adaptation SSR) en France.&nbsp;<\/p>\n\n\n\n<p>Ces centres de soins m\u00e9dicaux et de r\u00e9adaptation ont pour mission d&rsquo;assurer la r\u00e9\u00e9ducation et la r\u00e9adaptation, mais aussi l&rsquo;\u00e9ducation th\u00e9rapeutique du patient, en accompagnant la r\u00e9insertion sociale. <\/p>\n\n\n\n<p>Actuellement, il n\u2019y a aucune structure de soins m\u00e9dicaux et de r\u00e9adaptation p\u00e9diatrique sur le territoire du Pays Basque.&nbsp;<\/p>\n\n\n\n<p>Les structures les plus proches sont \u00e0 Pau ou Montfort en Chalosse, ou encore Bordeaux ou Toulouse.&nbsp;<\/p>\n\n\n\n<p>L&rsquo;absence de structure de SMR sur le territoire du Pays Basque entra\u00eene des difficult\u00e9s et m\u00eame des  ruptures dans le parcours de soins des enfants du Pays Basque. <\/p>\n\n\n\n<p>Si vous souhaitez nous aider \u00e0 pr\u00e9ciser l\u2019\u00e9tat des lieux, merci de r\u00e9pondre \u00e0 ces questionnaires si vous \u00eates concern\u00e9s :&nbsp;<\/p>\n\n\n\n<ul class=\"wp-block-list\">\n<li>questionnaire destin\u00e9 aux familles : <a href=\"https:\/\/forms.gle\/fA9pw2BmBo4aYfSu8\">https:\/\/forms.gle\/fA9pw2BmBo4aYfSu8<\/a><\/li>\n<\/ul>\n\n\n\n<ul class=\"wp-block-list\">\n<li>questionnaire destin\u00e9 aux professionnels : <a href=\"https:\/\/forms.gle\/GHnYhLS1MPSQ7BK17\">https:\/\/forms.gle\/GHnYhLS1MPSQ7BK17<\/a><\/li>\n<\/ul>\n","protected":false},"excerpt":{"rendered":"<p>Il existe une centaine de centres de soins m\u00e9dicaux et de r\u00e9adaptation p\u00e9diatriques (SMR, anciennement Soins de Suite et R\u00e9adaptation SSR) en France.&nbsp; Ces centres de soins m\u00e9dicaux et de r\u00e9adaptation ont pour mission d&rsquo;assurer la r\u00e9\u00e9ducation et la r\u00e9adaptation, mais aussi l&rsquo;\u00e9ducation th\u00e9rapeutique du patient, en accompagnant la r\u00e9insertion sociale. Actuellement, il n\u2019y a [&hellip;]<\/p>\n","protected":false},"author":1,"featured_media":0,"parent":0,"menu_order":0,"comment_status":"closed","ping_status":"closed","template":"","meta":{"footnotes":""},"class_list":["post-60","page","type-page","status-publish","hentry"],"_links":{"self":[{"href":"https:\/\/kusku.eu\/index.php\/wp-json\/wp\/v2\/pages\/60","targetHints":{"allow":["GET"]}}],"collection":[{"href":"https:\/\/kusku.eu\/index.php\/wp-json\/wp\/v2\/pages"}],"about":[{"href":"https:\/\/kusku.eu\/index.php\/wp-json\/wp\/v2\/types\/page"}],"author":[{"embeddable":true,"href":"https:\/\/kusku.eu\/index.php\/wp-json\/wp\/v2\/users\/1"}],"replies":[{"embeddable":true,"href":"https:\/\/kusku.eu\/index.php\/wp-json\/wp\/v2\/comments?post=60"}],"version-history":[{"count":5,"href":"https:\/\/kusku.eu\/index.php\/wp-json\/wp\/v2\/pages\/60\/revisions"}],"predecessor-version":[{"id":219,"href":"https:\/\/kusku.eu\/index.php\/wp-json\/wp\/v2\/pages\/60\/revisions\/219"}],"wp:attachment":[{"href":"https:\/\/kusku.eu\/index.php\/wp-json\/wp\/v2\/media?parent=60"}],"curies":[{"name":"wp","href":"https:\/\/api.w.org\/{rel}","templated":true}]}}