{"id":58,"date":"2024-04-27T19:41:37","date_gmt":"2024-04-27T17:41:37","guid":{"rendered":"https:\/\/kuskuej.cluster023.hosting.ovh.net\/?page_id=58"},"modified":"2024-04-29T19:25:32","modified_gmt":"2024-04-29T17:25:32","slug":"nos-valeurs","status":"publish","type":"page","link":"https:\/\/kusku.eu\/index.php\/nos-valeurs\/","title":{"rendered":"Nos valeurs"},"content":{"rendered":"\n<ul class=\"wp-block-list\">\n<li>LE TERRITOIRE :&nbsp;<\/li>\n<\/ul>\n\n\n\n<p>Notre but est de pouvoir r\u00e9pondre aux besoins de la population du Pays Basque en termes de besoins de r\u00e9\u00e9ducation et soins de suite p\u00e9diatriques.\u00a0<br>Pour nous, la prise en compte des besoins de la c\u00f4te mais aussi des territoires de l\u2019int\u00e9rieur est une n\u00e9cessit\u00e9.\u00a0<\/p>\n\n\n\n<ul class=\"wp-block-list\">\n<li>L\u2019INCLUSION :&nbsp;<\/li>\n<\/ul>\n\n\n\n<p>Il s\u2019agit de permettre aux enfants de b\u00e9n\u00e9ficier de soins adapt\u00e9s tout en restant chez eux, dans leur environnement, et ainsi \u00e9viter l\u2019\u00e9loignement des familles et les ruptures de scolarisation.&nbsp;<\/p>\n\n\n\n<ul class=\"wp-block-list\">\n<li>LE POUVOIR D\u2019AGIR :\u00a0<\/li>\n<\/ul>\n\n\n\n<p>Le pouvoir d\u2019agir se situe \u00e0 deux niveaux :<br>Pour l\u2019enfant : il est au centre de la proposition de soins. Son avis est pris en compte et il est acteur de sa prise en charge.<br>Pour le territoire : il est au c\u0153ur de la construction du projet. Il s\u2019agit d\u2019un projet construit par le territoire pour le territoire<\/p>\n\n\n\n<ul class=\"wp-block-list\">\n<li>LE PARCOURS :&nbsp;<\/li>\n<\/ul>\n\n\n\n<p>Il est de deux ordres : le parcours de soins et le parcours de vie des enfants.<br>Dans les deux cas, la relocalisation des soins au Pays Basque permettra, en gardant les enfants dans leur environnement, d&rsquo;\u00e9viter les ruptures que l\u2019on retrouve actuellement.\u00a0<\/p>\n","protected":false},"excerpt":{"rendered":"<p>Notre but est de pouvoir r\u00e9pondre aux besoins de la population du Pays Basque en termes de besoins de r\u00e9\u00e9ducation et soins de suite p\u00e9diatriques.\u00a0Pour nous, la prise en compte des besoins de la c\u00f4te mais aussi des territoires de l\u2019int\u00e9rieur est une n\u00e9cessit\u00e9.\u00a0 Il s\u2019agit de permettre aux enfants de b\u00e9n\u00e9ficier de soins adapt\u00e9s [&hellip;]<\/p>\n","protected":false},"author":1,"featured_media":0,"parent":0,"menu_order":0,"comment_status":"closed","ping_status":"closed","template":"","meta":{"footnotes":""},"class_list":["post-58","page","type-page","status-publish","hentry"],"_links":{"self":[{"href":"https:\/\/kusku.eu\/index.php\/wp-json\/wp\/v2\/pages\/58","targetHints":{"allow":["GET"]}}],"collection":[{"href":"https:\/\/kusku.eu\/index.php\/wp-json\/wp\/v2\/pages"}],"about":[{"href":"https:\/\/kusku.eu\/index.php\/wp-json\/wp\/v2\/types\/page"}],"author":[{"embeddable":true,"href":"https:\/\/kusku.eu\/index.php\/wp-json\/wp\/v2\/users\/1"}],"replies":[{"embeddable":true,"href":"https:\/\/kusku.eu\/index.php\/wp-json\/wp\/v2\/comments?post=58"}],"version-history":[{"count":5,"href":"https:\/\/kusku.eu\/index.php\/wp-json\/wp\/v2\/pages\/58\/revisions"}],"predecessor-version":[{"id":126,"href":"https:\/\/kusku.eu\/index.php\/wp-json\/wp\/v2\/pages\/58\/revisions\/126"}],"wp:attachment":[{"href":"https:\/\/kusku.eu\/index.php\/wp-json\/wp\/v2\/media?parent=58"}],"curies":[{"name":"wp","href":"https:\/\/api.w.org\/{rel}","templated":true}]}}