{"id":311,"date":"2025-05-23T16:38:20","date_gmt":"2025-05-23T14:38:20","guid":{"rendered":"https:\/\/kusku.eu\/?page_id=311"},"modified":"2025-06-18T17:48:16","modified_gmt":"2025-06-18T15:48:16","slug":"actualites","status":"publish","type":"page","link":"https:\/\/kusku.eu\/index.php\/fr\/actualites\/","title":{"rendered":"Actualit\u00e9s"},"content":{"rendered":"\n<h2 class=\"wp-block-heading\">15 juin 2025: la presse parle de notre table ronde:<\/h2>\n\n\n\n<figure class=\"wp-block-image size-large is-resized\"><img fetchpriority=\"high\" decoding=\"async\" width=\"791\" height=\"1024\" src=\"https:\/\/kusku.eu\/wp-content\/uploads\/2025\/06\/article-france-bleu-791x1024.jpg\" alt=\"\" class=\"wp-image-366\" style=\"width:422px;height:auto\" srcset=\"https:\/\/kusku.eu\/wp-content\/uploads\/2025\/06\/article-france-bleu-791x1024.jpg 791w, https:\/\/kusku.eu\/wp-content\/uploads\/2025\/06\/article-france-bleu-232x300.jpg 232w, https:\/\/kusku.eu\/wp-content\/uploads\/2025\/06\/article-france-bleu-768x995.jpg 768w, https:\/\/kusku.eu\/wp-content\/uploads\/2025\/06\/article-france-bleu.jpg 803w\" sizes=\"(max-width: 791px) 100vw, 791px\" \/><\/figure>\n\n\n\n<blockquote class=\"wp-block-quote is-layout-flow wp-block-quote-is-layout-flow\">\n<p><a href=\"https:\/\/www.francebleu.fr\/infos\/sante-sciences\/pays-basque-projet-de-creation-d-une-maison-de-reeducation-pediatrique-3186458\">https:\/\/www.francebleu.fr\/infos\/sante-sciences\/pays-basque-projet-de-creation-d-une-maison-de-reeducation-pediatrique-3186458<\/a><\/p>\n<\/blockquote>\n\n\n\n<p><\/p>\n\n\n\n<h2 class=\"wp-block-heading\">14 juin 2025 : Echanges riches pendant la table ronde:<\/h2>\n\n\n\n<figure class=\"wp-block-image size-large\"><img decoding=\"async\" width=\"1024\" height=\"768\" src=\"https:\/\/kusku.eu\/wp-content\/uploads\/2025\/06\/table-ronde-1-1024x768.jpg\" alt=\"\" class=\"wp-image-365\" srcset=\"https:\/\/kusku.eu\/wp-content\/uploads\/2025\/06\/table-ronde-1-1024x768.jpg 1024w, https:\/\/kusku.eu\/wp-content\/uploads\/2025\/06\/table-ronde-1-300x225.jpg 300w, https:\/\/kusku.eu\/wp-content\/uploads\/2025\/06\/table-ronde-1-768x576.jpg 768w, https:\/\/kusku.eu\/wp-content\/uploads\/2025\/06\/table-ronde-1.jpg 1386w\" sizes=\"(max-width: 1024px) 100vw, 1024px\" \/><\/figure>\n\n\n\n<p><\/p>\n\n\n\n<h2 class=\"wp-block-heading\">8 juin 2025: L&rsquo;association KUSKU organise une table ronde :<\/h2>\n\n\n\n<p>L&rsquo;association Kusku organise une table ronde autour des soins de suite et de la r\u00e9\u00e9ducation p\u00e9diatrique au Pays Basque <strong>le samedi 14 juin 2025 de 9h \u00e0 11h \u00e0 Biltxoko<\/strong> (9 rue des Augustins \u00e0 Bayonne)<\/p>\n\n\n\n<p>Intervenants:<\/p>\n\n\n\n<ul class=\"wp-block-list\">\n<li>Pettan HAYET: orthophoniste (en lib\u00e9ral et salari\u00e9), et ancien patient<\/li>\n\n\n\n<li>Isabelle MAUPEU BROS: maman de Jeanne<\/li>\n\n\n\n<li>Carole VALEILLE: psychomotricienne en lib\u00e9ral (co-fondatrice du cabinet pluridisciplinaire A hauteur d&rsquo;enfant \u00e0 Anglet)<\/li>\n\n\n\n<li>Nora POULAIN: maman de Haize et \u00e9ducatrice sp\u00e9cialis\u00e9e en lib\u00e9ral<\/li>\n\n\n\n<li>Peio DUFAU: papa d&rsquo;Ilune et d\u00e9put\u00e9<\/li>\n\n\n\n<li>Monica URSEI: chirurgienne orthop\u00e9diste p\u00e9diatrique \u00e0 Toulouse<\/li>\n\n\n\n<li>Maddi ERRE\u00c7ARET: pr\u00e9sidente de l&rsquo;association KUSKU<\/li>\n\n\n\n<li>Jean-Daniel ELICHIRY: mod\u00e9rateur<\/li>\n<\/ul>\n\n\n\n<p><\/p>\n\n\n\n<figure class=\"wp-block-image size-large is-resized\"><img decoding=\"async\" width=\"724\" height=\"1024\" src=\"https:\/\/kusku.eu\/wp-content\/uploads\/2025\/06\/KUSKU_affiche-pdf-724x1024.jpg\" alt=\"\" class=\"wp-image-335\" style=\"width:304px;height:auto\"\/><\/figure>\n\n\n\n<p><\/p>\n\n\n\n<h2 class=\"wp-block-heading\">1er juin 2025: Nouveau partenariat: Sur le chemin d&rsquo;Haize<\/h2>\n\n\n\n<p>Fond\u00e9e par Nora POULAIN, tout d&rsquo;abord pour aider son fils, Haize, l&rsquo;association aide d\u00e9sormais de nombreuses familles, et porte aussi un projet de Snoezellen itin\u00e9rant.<\/p>\n\n\n\n<p><\/p>\n\n\n\n<figure class=\"wp-block-image size-large is-resized\"><img loading=\"lazy\" decoding=\"async\" width=\"724\" height=\"1024\" src=\"https:\/\/kusku.eu\/wp-content\/uploads\/2025\/06\/Logo-Basque-1-pdf-724x1024.jpg\" alt=\"\" class=\"wp-image-336\" style=\"width:166px;height:auto\"\/><\/figure>\n\n\n\n<p><\/p>\n\n\n\n<h2 class=\"wp-block-heading\">23 mai 2025: Nouveau partenariat : APF FRANCE HANDICAP<\/h2>\n\n\n\n<p>L&rsquo;association r\u00e9unit&nbsp;des personnes en situation de handicap, leurs familles et des personnes valides. Pionni\u00e8re dans le champ du handicap, l&rsquo;association a \u00e9t\u00e9&nbsp;cr\u00e9\u00e9e en 1933&nbsp;par 4 jeunes atteints de poliomy\u00e9lite confront\u00e9s \u00e0 une soci\u00e9t\u00e9 dans laquelle rien n\u2019\u00e9tait pr\u00e9vu, ni adapt\u00e9 pour eux. R\u00e9volt\u00e9s par cette exclusion et&nbsp;d\u00e9sirant rompre l&rsquo;isolement des personnes en situation de handicap, ils ont cr\u00e9\u00e9 leurs propres solutions et services, incitant les personnes handicap\u00e9es \u00e0 faire de m\u00eame<\/p>\n\n\n\n<figure class=\"wp-block-image size-large is-resized\"><img loading=\"lazy\" decoding=\"async\" width=\"1024\" height=\"643\" src=\"https:\/\/kusku.eu\/wp-content\/uploads\/2025\/05\/Logo-bloc-APF-France-handicap-bichromie-1024x643.jpg\" alt=\"\" class=\"wp-image-303\" style=\"width:266px;height:auto\" srcset=\"https:\/\/kusku.eu\/wp-content\/uploads\/2025\/05\/Logo-bloc-APF-France-handicap-bichromie-1024x643.jpg 1024w, https:\/\/kusku.eu\/wp-content\/uploads\/2025\/05\/Logo-bloc-APF-France-handicap-bichromie-300x189.jpg 300w, https:\/\/kusku.eu\/wp-content\/uploads\/2025\/05\/Logo-bloc-APF-France-handicap-bichromie-768x483.jpg 768w, https:\/\/kusku.eu\/wp-content\/uploads\/2025\/05\/Logo-bloc-APF-France-handicap-bichromie.jpg 1464w\" sizes=\"(max-width: 1024px) 100vw, 1024px\" \/><\/figure>\n\n\n\n<p><\/p>\n\n\n\n<h2 class=\"wp-block-heading\">3 mars 2025: Nouveau partenariat : INTEGRAZIO BATZORDEA<\/h2>\n\n\n\n<p>Cr\u00e9\u00e9e l\u2019\u00e9t\u00e9 1999,&nbsp;<em>Integrazio Batzordea<\/em>&nbsp;est l\u2019association des parents et des amis d\u2019enfants en situation de handicap scolaris\u00e9s dans les Ikastola du Labourd, de Basse-Navarre et de Soule. Elle est membre de la f\u00e9d\u00e9ration des Ikastola du Pays basque Nord, Seaska.<\/p>\n\n\n\n<p>Toutes les Ikastola y sont repr\u00e9sent\u00e9es, toutes partageant l\u2019objectif d\u2019\u00eatre une \u00e9cole qui veut inclure la diff\u00e9rence.<\/p>\n\n\n\n<figure class=\"wp-block-image size-full is-resized\"><img loading=\"lazy\" decoding=\"async\" width=\"550\" height=\"572\" src=\"https:\/\/kusku.eu\/wp-content\/uploads\/2025\/04\/LOGO-IB.png\" alt=\"\" class=\"wp-image-279\" style=\"width:210px;height:auto\"\/><\/figure>\n\n\n\n<p><\/p>\n\n\n\n<h2 class=\"wp-block-heading\">18 dec 2024: Nouveau partenariat : HAUR ERI<\/h2>\n\n\n\n<p>HAUR ERI est une association \u00e0 but non lucratif, qui n\u2019a donc pas pour but de faire des b\u00e9n\u00e9fices. Elle est financ\u00e9e gr\u00e2ce \u00e0 la g\u00e9n\u00e9rosit\u00e9 de ses donateurs.<\/p>\n\n\n\n<p>L\u2019objectif d\u2019HAUR ERI est de faciliter et d\u2019\u00e9gayer la vie des enfants hospitalis\u00e9s au Centre Hospitalier de la C\u00f4te Basque de Bayonne. Cela passe par le financement de mat\u00e9riel p\u00e9dagogique ou de jouets dans le service, mais \u00e9galement par l\u2019organisation d\u2019activit\u00e9s et d\u2019animations&nbsp; ou l\u2019achat de d\u00e9corations pour le service de p\u00e9diatrie.<\/p>\n\n\n\n<figure class=\"wp-block-image size-large is-resized\"><img loading=\"lazy\" decoding=\"async\" width=\"1024\" height=\"682\" src=\"https:\/\/kusku.eu\/wp-content\/uploads\/2025\/04\/LOGO-DETOURE-1024x682.png\" alt=\"\" class=\"wp-image-280\" style=\"width:198px;height:auto\" srcset=\"https:\/\/kusku.eu\/wp-content\/uploads\/2025\/04\/LOGO-DETOURE-1024x682.png 1024w, https:\/\/kusku.eu\/wp-content\/uploads\/2025\/04\/LOGO-DETOURE-300x200.png 300w, https:\/\/kusku.eu\/wp-content\/uploads\/2025\/04\/LOGO-DETOURE-768x512.png 768w, https:\/\/kusku.eu\/wp-content\/uploads\/2025\/04\/LOGO-DETOURE-1536x1024.png 1536w, https:\/\/kusku.eu\/wp-content\/uploads\/2025\/04\/LOGO-DETOURE.png 1772w\" sizes=\"(max-width: 1024px) 100vw, 1024px\" \/><\/figure>\n\n\n\n<p><\/p>\n\n\n\n<h2 class=\"wp-block-heading\">15 nov 2024: Nouveau partenariat : Handi Ressources<\/h2>\n\n\n\n<p>L\u2019\u00e9quipe d\u2019Handi Ressources 64 accompagne gratuitement les familles et les professionnels dans l\u2019inclusion des enfants en situation de handicap, de 0 \u00e0 17 ans, sur le territoire des Pyr\u00e9n\u00e9es Atlantiques.<br>L&rsquo;\u00e9quipe se mobilise afin d\u2019appara\u00eetre comme le trait d\u2019union entre les familles et les structures.<\/p>\n\n\n\n<figure class=\"wp-block-image size-large is-resized\"><img loading=\"lazy\" decoding=\"async\" width=\"1024\" height=\"744\" src=\"https:\/\/kusku.eu\/wp-content\/uploads\/2024\/11\/Capture-decran-2024-11-01-a-18.18.29-1024x744.png\" alt=\"\" class=\"wp-image-240\" style=\"width:252px;height:auto\" srcset=\"https:\/\/kusku.eu\/wp-content\/uploads\/2024\/11\/Capture-decran-2024-11-01-a-18.18.29-1024x744.png 1024w, https:\/\/kusku.eu\/wp-content\/uploads\/2024\/11\/Capture-decran-2024-11-01-a-18.18.29-300x218.png 300w, https:\/\/kusku.eu\/wp-content\/uploads\/2024\/11\/Capture-decran-2024-11-01-a-18.18.29-768x558.png 768w, https:\/\/kusku.eu\/wp-content\/uploads\/2024\/11\/Capture-decran-2024-11-01-a-18.18.29-1536x1116.png 1536w, https:\/\/kusku.eu\/wp-content\/uploads\/2024\/11\/Capture-decran-2024-11-01-a-18.18.29.png 1630w\" sizes=\"(max-width: 1024px) 100vw, 1024px\" \/><\/figure>\n\n\n\n<p><\/p>\n\n\n\n<h2 class=\"wp-block-heading\">30 oct 2024: Nouveau partenariat : ELGARREKIN<\/h2>\n\n\n\n<p>Le Centre d\u2019Animation Elgarrekin est fond\u00e9 sur les valeurs de partage et d\u2019ouverture. D\u00e8s sa cr\u00e9ation, l\u2019Association a choisi d\u2019ouvrir ses portes \u00e0 chaque enfant, jeune valide ou en situation de handicap et chaque famille sans distinction. Elle propose depuis pr\u00e8s de 30 ans des activit\u00e9s permettant la participation de tous : activit\u00e9s manuelles, artistiques, sportives, culturelles, culinaires\u2026<\/p>\n\n\n\n<figure class=\"wp-block-image size-full is-resized\"><img loading=\"lazy\" decoding=\"async\" width=\"345\" height=\"146\" src=\"https:\/\/kusku.eu\/wp-content\/uploads\/2024\/11\/telechargement.png\" alt=\"\" class=\"wp-image-241\" style=\"width:267px;height:auto\" srcset=\"https:\/\/kusku.eu\/wp-content\/uploads\/2024\/11\/telechargement.png 345w, https:\/\/kusku.eu\/wp-content\/uploads\/2024\/11\/telechargement-300x127.png 300w\" sizes=\"(max-width: 345px) 100vw, 345px\" \/><\/figure>\n\n\n\n<p><\/p>\n\n\n\n<h2 class=\"wp-block-heading\">16 oct 2024: Nouveau partenariat : HEGOAK MENDIAN<\/h2>\n\n\n\n<p>Hegoak Mendian est une association sportive \u00e0 but non lucratif, r\u00e9gie par la loi 1901, permettant \u00e0 des personnes en situation de handicap de participer en joelette \u00e0 des manifestations sportives et courses officielles.<\/p>\n\n\n\n<figure class=\"wp-block-image size-large is-resized\"><img loading=\"lazy\" decoding=\"async\" width=\"1024\" height=\"474\" src=\"https:\/\/kusku.eu\/wp-content\/uploads\/2024\/10\/Hegoak-Mendian-1024x474.jpg\" alt=\"\" class=\"wp-image-223\" style=\"width:251px;height:auto\" srcset=\"https:\/\/kusku.eu\/wp-content\/uploads\/2024\/10\/Hegoak-Mendian-1024x474.jpg 1024w, https:\/\/kusku.eu\/wp-content\/uploads\/2024\/10\/Hegoak-Mendian-300x139.jpg 300w, https:\/\/kusku.eu\/wp-content\/uploads\/2024\/10\/Hegoak-Mendian-768x356.jpg 768w, https:\/\/kusku.eu\/wp-content\/uploads\/2024\/10\/Hegoak-Mendian.jpg 1408w\" sizes=\"(max-width: 1024px) 100vw, 1024px\" \/><\/figure>\n\n\n\n<p><\/p>\n","protected":false},"excerpt":{"rendered":"<p>15 juin 2025: la presse parle de notre table ronde: https:\/\/www.francebleu.fr\/infos\/sante-sciences\/pays-basque-projet-de-creation-d-une-maison-de-reeducation-pediatrique-3186458 14 juin 2025 : Echanges riches pendant la table ronde: 8 juin 2025: L&rsquo;association KUSKU organise une table ronde : L&rsquo;association Kusku organise une table ronde autour des soins de suite et de la r\u00e9\u00e9ducation p\u00e9diatrique au Pays Basque le samedi 14 juin 2025 [&hellip;]<\/p>\n","protected":false},"author":1,"featured_media":0,"parent":84,"menu_order":0,"comment_status":"closed","ping_status":"closed","template":"","meta":{"footnotes":""},"class_list":["post-311","page","type-page","status-publish","hentry"],"_links":{"self":[{"href":"https:\/\/kusku.eu\/index.php\/wp-json\/wp\/v2\/pages\/311","targetHints":{"allow":["GET"]}}],"collection":[{"href":"https:\/\/kusku.eu\/index.php\/wp-json\/wp\/v2\/pages"}],"about":[{"href":"https:\/\/kusku.eu\/index.php\/wp-json\/wp\/v2\/types\/page"}],"author":[{"embeddable":true,"href":"https:\/\/kusku.eu\/index.php\/wp-json\/wp\/v2\/users\/1"}],"replies":[{"embeddable":true,"href":"https:\/\/kusku.eu\/index.php\/wp-json\/wp\/v2\/comments?post=311"}],"version-history":[{"count":7,"href":"https:\/\/kusku.eu\/index.php\/wp-json\/wp\/v2\/pages\/311\/revisions"}],"predecessor-version":[{"id":367,"href":"https:\/\/kusku.eu\/index.php\/wp-json\/wp\/v2\/pages\/311\/revisions\/367"}],"up":[{"embeddable":true,"href":"https:\/\/kusku.eu\/index.php\/wp-json\/wp\/v2\/pages\/84"}],"wp:attachment":[{"href":"https:\/\/kusku.eu\/index.php\/wp-json\/wp\/v2\/media?parent=311"}],"curies":[{"name":"wp","href":"https:\/\/api.w.org\/{rel}","templated":true}]}}