{"id":148,"date":"2024-05-02T19:02:37","date_gmt":"2024-05-02T17:02:37","guid":{"rendered":"https:\/\/kusku.eu\/?page_id=148"},"modified":"2025-04-27T20:10:55","modified_gmt":"2025-04-27T18:10:55","slug":"accueil-harrera","status":"publish","type":"page","link":"https:\/\/kusku.eu\/","title":{"rendered":"ACCUEIL \/ HARRERA"},"content":{"rendered":"\t\t<div data-elementor-type=\"wp-page\" data-elementor-id=\"148\" class=\"elementor elementor-148\">\n\t\t\t\t<div class=\"elementor-element elementor-element-5181952a e-flex e-con-boxed e-con e-parent\" data-id=\"5181952a\" data-element_type=\"container\">\n\t\t\t\t\t<div class=\"e-con-inner\">\n\t\t\t\t<div class=\"elementor-element elementor-element-7c407e8d elementor-widget elementor-widget-text-editor\" data-id=\"7c407e8d\" data-element_type=\"widget\" data-widget_type=\"text-editor.default\">\n\t\t\t\t<div class=\"elementor-widget-container\">\n\t\t\t\t\t\t\t<p><!-- wp:paragraph --><\/p>\n<h3><strong>KUSKU : <br>Association pour la mise en place d&rsquo;un centre de soins m\u00e9dicaux et de r\u00e9adaptation (SMR) &#8211; ancien SSR &#8211; p\u00e9diatrique en Pays Basque<\/strong><\/h3>\n<p><!-- \/wp:paragraph --><!-- wp:paragraph --><\/p>\n<p><!-- \/wp:paragraph --><!-- wp:media-text {\"mediaId\":79,\"mediaLink\":\"https:\/\/kusku.eu\/logo-plaquette\/logo-plaquette-3\/\",\"mediaType\":\"image\",\"mediaWidth\":24} --><\/p>\n<div class=\"wp-block-media-text is-stacked-on-mobile\" style=\"grid-template-columns: 24% auto;\">\n<figure class=\"wp-block-media-text__media\"><br><\/figure><\/div>\n<p><!-- \/wp:heading --><\/p>\t\t\t\t\t\t<\/div>\n\t\t\t\t<\/div>\n\t\t\t\t<div class=\"elementor-element elementor-element-214ec69 elementor-widget elementor-widget-image\" data-id=\"214ec69\" data-element_type=\"widget\" data-widget_type=\"image.default\">\n\t\t\t\t<div class=\"elementor-widget-container\">\n\t\t\t\t\t\t\t\t\t\t\t\t\t<img fetchpriority=\"high\" decoding=\"async\" width=\"300\" height=\"300\" src=\"https:\/\/kusku.eu\/wp-content\/uploads\/2024\/04\/cropped-logo-plaquette-scaled-3-300x300.jpg\" class=\"attachment-medium size-medium wp-image-83\" alt=\"\" srcset=\"https:\/\/kusku.eu\/wp-content\/uploads\/2024\/04\/cropped-logo-plaquette-scaled-3-300x300.jpg 300w, https:\/\/kusku.eu\/wp-content\/uploads\/2024\/04\/cropped-logo-plaquette-scaled-3-150x150.jpg 150w, https:\/\/kusku.eu\/wp-content\/uploads\/2024\/04\/cropped-logo-plaquette-scaled-3-270x270.jpg 270w, https:\/\/kusku.eu\/wp-content\/uploads\/2024\/04\/cropped-logo-plaquette-scaled-3-192x192.jpg 192w, https:\/\/kusku.eu\/wp-content\/uploads\/2024\/04\/cropped-logo-plaquette-scaled-3-180x180.jpg 180w, https:\/\/kusku.eu\/wp-content\/uploads\/2024\/04\/cropped-logo-plaquette-scaled-3-32x32.jpg 32w, https:\/\/kusku.eu\/wp-content\/uploads\/2024\/04\/cropped-logo-plaquette-scaled-3.jpg 512w\" sizes=\"(max-width: 300px) 100vw, 300px\" \/>\t\t\t\t\t\t\t\t\t\t\t\t\t<\/div>\n\t\t\t\t<\/div>\n\t\t\t\t\t<\/div>\n\t\t\t\t<\/div>\n\t\t<div class=\"elementor-element elementor-element-8d9bbf1 e-flex e-con-boxed e-con e-parent\" data-id=\"8d9bbf1\" data-element_type=\"container\">\n\t\t\t\t\t<div class=\"e-con-inner\">\n\t\t\t\t\t<\/div>\n\t\t\t\t<\/div>\n\t\t<div class=\"elementor-element elementor-element-b33c83d e-flex e-con-boxed e-con e-parent\" data-id=\"b33c83d\" data-element_type=\"container\">\n\t\t\t\t\t<div class=\"e-con-inner\">\n\t\t\t\t<div class=\"elementor-element elementor-element-3ad8fa8 elementor-widget elementor-widget-heading\" data-id=\"3ad8fa8\" data-element_type=\"widget\" data-widget_type=\"heading.default\">\n\t\t\t\t<div class=\"elementor-widget-container\">\n\t\t\t<h2 class=\"elementor-heading-title elementor-size-default\">Ajoutez votre titre ici<\/h2>\t\t<\/div>\n\t\t\t\t<\/div>\n\t\t\t\t\t<\/div>\n\t\t\t\t<\/div>\n\t\t\t\t<\/div>\n\t\t","protected":false},"excerpt":{"rendered":"<p>KUSKU : Association pour la mise en place d&rsquo;un centre de soins m\u00e9dicaux et de r\u00e9adaptation (SMR) &#8211; ancien SSR &#8211; p\u00e9diatrique en Pays Basque Ajoutez votre titre ici<\/p>\n","protected":false},"author":1,"featured_media":0,"parent":0,"menu_order":0,"comment_status":"closed","ping_status":"closed","template":"","meta":{"footnotes":""},"class_list":["post-148","page","type-page","status-publish","hentry"],"_links":{"self":[{"href":"https:\/\/kusku.eu\/index.php\/wp-json\/wp\/v2\/pages\/148","targetHints":{"allow":["GET"]}}],"collection":[{"href":"https:\/\/kusku.eu\/index.php\/wp-json\/wp\/v2\/pages"}],"about":[{"href":"https:\/\/kusku.eu\/index.php\/wp-json\/wp\/v2\/types\/page"}],"author":[{"embeddable":true,"href":"https:\/\/kusku.eu\/index.php\/wp-json\/wp\/v2\/users\/1"}],"replies":[{"embeddable":true,"href":"https:\/\/kusku.eu\/index.php\/wp-json\/wp\/v2\/comments?post=148"}],"version-history":[{"count":9,"href":"https:\/\/kusku.eu\/index.php\/wp-json\/wp\/v2\/pages\/148\/revisions"}],"predecessor-version":[{"id":265,"href":"https:\/\/kusku.eu\/index.php\/wp-json\/wp\/v2\/pages\/148\/revisions\/265"}],"wp:attachment":[{"href":"https:\/\/kusku.eu\/index.php\/wp-json\/wp\/v2\/media?parent=148"}],"curies":[{"name":"wp","href":"https:\/\/api.w.org\/{rel}","templated":true}]}}